{"id":777,"date":"2022-07-20T20:23:34","date_gmt":"2022-07-20T20:23:34","guid":{"rendered":"https:\/\/www.moduestudio.pl\/o-studio\/"},"modified":"2022-12-28T17:53:13","modified_gmt":"2022-12-28T17:53:13","slug":"about-studio","status":"publish","type":"page","link":"https:\/\/www.moduestudio.pl\/en\/about-studio\/","title":{"rendered":"About studio"},"content":{"rendered":"<p>[vc_row padding_top_multiplier=&#8221;&#8221; padding_bottom_multiplier=&#8221;&#8221; margin_bottom=&#8221;0&#8243;][vc_column]<div class=\"grve-empty-space grve-height-1x\" style=\"\"><\/div>[\/vc_column][\/vc_row][vc_row section_type=&#8221;fullwidth&#8221; padding_top_multiplier=&#8221;&#8221; padding_bottom_multiplier=&#8221;&#8221; columns_gap=&#8221;none&#8221; section_id=&#8221;o-studio-head&#8221;][vc_column width=&#8221;1\/2&#8243; el_id=&#8221;o-studio-img&#8221;]<div class=\"grve-element grve-image grve-align-left\" style=\"\">  <div class=\"grve-image-wrapper\"><img width=\"740\" height=\"859\" src=\"https:\/\/www.moduestudio.pl\/wp-content\/uploads\/2022\/10\/o-studio.jpg\" class=\"attachment-full size-full\" alt=\"\" loading=\"lazy\" srcset=\"https:\/\/www.moduestudio.pl\/wp-content\/uploads\/2022\/10\/o-studio.jpg 740w, https:\/\/www.moduestudio.pl\/wp-content\/uploads\/2022\/10\/o-studio-258x300.jpg 258w\" sizes=\"(max-width: 740px) 100vw, 740px\" \/>   <\/div><\/div>[\/vc_column][vc_column width=&#8221;1\/2&#8243; el_id=&#8221;o-studio-txt&#8221;]<h1 class=\"grve-element grve-title grve-align-left grve-h1 font-outline o-studio\" style=\"\"><span>about studio<\/span><\/h1>[vc_column_text el_class=&#8221;o-studio-block&#8221;]<\/p>\n<h3><em>A space created out of love and passion for architecture and design<\/em><\/h3>\n<p>&nbsp;<\/p>\n<p>Modue is a space for the architect and client, here concepts turn into reality, and the initial chaos takes on an orderly structure. We focus on creating a coherent whole, taking care of even the smallest details. Modularity is our middle name; both in design and in relations with the client. We connect, add, develop, and all this gives us double satisfaction. Interiors are a way for us to externalize the idea that space is an important element of everyone&#8217;s everyday life. It is with people in mind that we create our concepts. We get to know their features and passions, explore their needs and then translate them into our visual language. We focus on simplicity and minimalism, but we get the maximum value out of them. We design functionally and with double energy.[\/vc_column_text][vc_column_text el_class=&#8221;zobacz-jak-fixed&#8221;]<a href=\"https:\/\/www.moduestudio.pl\/en\/process\/\">See how we work<\/a>[\/vc_column_text]<div class=\"grve-element grve-image grve-align-center\" style=\"\">  <div class=\"grve-image-wrapper\"><img width=\"800\" height=\"468\" src=\"https:\/\/www.moduestudio.pl\/wp-content\/uploads\/2022\/10\/o-studio2.jpg\" class=\"attachment-full size-full\" alt=\"\" loading=\"lazy\" srcset=\"https:\/\/www.moduestudio.pl\/wp-content\/uploads\/2022\/10\/o-studio2.jpg 800w, https:\/\/www.moduestudio.pl\/wp-content\/uploads\/2022\/10\/o-studio2-300x176.jpg 300w, https:\/\/www.moduestudio.pl\/wp-content\/uploads\/2022\/10\/o-studio2-768x449.jpg 768w\" sizes=\"(max-width: 800px) 100vw, 800px\" \/>   <\/div><\/div>[\/vc_column][\/vc_row][vc_row section_type=&#8221;fullwidth&#8221; columns_gap=&#8221;none&#8221; section_id=&#8221;jak-pracujemy&#8221;][vc_column width=&#8221;1\/2&#8243;][vc_column_text el_id=&#8221;o-studio-new-block&#8221;]<\/p>\n<h3><em>Kinga Kowalczyk<br \/>\nArchitect | Founder modue studio<\/em><\/h3>\n<p>A graduate of the Pozna\u0144 University of Technology, major in Architecture and Urban Planning.<br \/>\nDuring her studies, she gained knowledge and experience in Polish architectural studios, including in the well-known and respected Wroc\u0142aw architectural studio Ma\u0107k\u00f3w. While working on her master&#8217;s degree, she started working at the renowned architectural studio CDF Architekci in Pozna\u0144, which is the last professional stage before establishing her own design studio.<br \/>\nDuring her professional career, she has completed several dozen projects of private interiors, public spaces, service and office interiors.<br \/>\nShe draws energy and design inspiration from travels, places and objects with an extraordinary design as well as meetings with other people.[\/vc_column_text][\/vc_column][vc_column width=&#8221;1\/2&#8243;][\/vc_column][\/vc_row][vc_row section_type=&#8221;fullwidth&#8221; bg_type=&#8221;color&#8221; padding_top_multiplier=&#8221;2x&#8221; padding_bottom_multiplier=&#8221;2x&#8221; columns_gap=&#8221;none&#8221; equal_column_height=&#8221;middle-content&#8221; bg_color=&#8221;#f2eee5&#8243; margin_bottom=&#8221;0&#8243; section_id=&#8221;wspolpraca&#8221;][vc_column width=&#8221;1\/2&#8243; css=&#8221;.vc_custom_1659906753134{padding-right: 100px !important;}&#8221;]<div class=\"grve-element grve-title grve-align-right grve-h4 grve-mobile-reset-increase-heading grve-increase-heading grve-heading-140\" style=\"\"><span>we cooperated with:<\/span><\/div><div class=\"grve-empty-space grve-height-2x\" style=\"\"><\/div>[\/vc_column][vc_column width=&#8221;1\/2&#8243;]<div class=\"grve-element grve-flexible-carousel grve-carousel grve-layout-1 grve-with-gap\" style=\"\"><div class=\"grve-carousel-wrapper\"><div class=\"grve-carousel-navigation grve-dark grve-navigation-1 grve-navigation-carousel\">\t<div class=\"grve-carousel-buttons\">\t\t<div class=\"grve-carousel-prev\">\t\t\t<i class=\"grve-icon-nav-left-small\"><\/i>\t\t<\/div>\t\t<div class=\"grve-carousel-next\">\t\t\t<i class=\"grve-icon-nav-right-small\"><\/i>\t\t<\/div>\t<\/div><\/div>\t<div class=\"grve-flexible-carousel-element \" data-items=\"4\" data-items-tablet-landscape=\"4\" data-items-tablet-portrait=\"3\" data-items-mobile=\"2\" data-slider-autoplay=\"yes\" data-slider-speed=\"1500\" data-slider-pause=\"no\" data-pagination-speed=\"400\" data-pagination=\"no\" data-slider-autoheight=\"no\"><div class=\"grve-element grve-image grve-align-center\" style=\"\">  <div class=\"grve-image-wrapper\"><img width=\"233\" height=\"159\" src=\"https:\/\/www.moduestudio.pl\/wp-content\/uploads\/2022\/08\/a2_logo-1.png\" class=\"attachment-full size-full\" alt=\"\" loading=\"lazy\" \/>   <\/div><\/div><div class=\"grve-element grve-image grve-align-center\" style=\"\">  <div class=\"grve-image-wrapper\"><img width=\"233\" height=\"159\" src=\"https:\/\/www.moduestudio.pl\/wp-content\/uploads\/2022\/08\/jakosta_logo-1.png\" class=\"attachment-full size-full\" alt=\"\" loading=\"lazy\" \/>   <\/div><\/div><div class=\"grve-element grve-image grve-align-center\" style=\"\">  <div class=\"grve-image-wrapper\"><img width=\"233\" height=\"159\" src=\"https:\/\/www.moduestudio.pl\/wp-content\/uploads\/2022\/08\/kancelaria-sobota-jachira_logo-1.png\" class=\"attachment-full size-full\" alt=\"\" loading=\"lazy\" \/>   <\/div><\/div><div class=\"grve-element grve-image grve-align-center\" style=\"\">  <div class=\"grve-image-wrapper\"><img width=\"233\" height=\"159\" src=\"https:\/\/www.moduestudio.pl\/wp-content\/uploads\/2022\/08\/katamarany_logo-1.png\" class=\"attachment-full size-full\" alt=\"\" loading=\"lazy\" \/>   <\/div><\/div><div class=\"grve-element grve-image grve-align-center\" style=\"\">  <div class=\"grve-image-wrapper\"><img width=\"233\" height=\"159\" src=\"https:\/\/www.moduestudio.pl\/wp-content\/uploads\/2022\/08\/kowo_logo-2.png\" class=\"attachment-full size-full\" alt=\"\" loading=\"lazy\" \/>   <\/div><\/div><div class=\"grve-element grve-image grve-align-center\" style=\"\">  <div class=\"grve-image-wrapper\"><img width=\"233\" height=\"159\" src=\"https:\/\/www.moduestudio.pl\/wp-content\/uploads\/2022\/08\/kpodonou_logo-1.png\" class=\"attachment-full size-full\" alt=\"\" loading=\"lazy\" \/>   <\/div><\/div><div class=\"grve-element grve-image grve-align-center\" style=\"\">  <div class=\"grve-image-wrapper\"><img width=\"233\" height=\"159\" src=\"https:\/\/www.moduestudio.pl\/wp-content\/uploads\/2022\/08\/morform_logo-1.png\" class=\"attachment-full size-full\" alt=\"\" loading=\"lazy\" \/>   <\/div><\/div><div class=\"grve-element grve-image grve-align-center\" style=\"\">  <div class=\"grve-image-wrapper\"><img width=\"233\" height=\"159\" src=\"https:\/\/www.moduestudio.pl\/wp-content\/uploads\/2022\/08\/toscom_logo-1.png\" class=\"attachment-full size-full\" alt=\"\" loading=\"lazy\" \/>   <\/div><\/div><div class=\"grve-element grve-image grve-align-center\" style=\"\">  <div class=\"grve-image-wrapper\"><img width=\"233\" height=\"159\" src=\"https:\/\/www.moduestudio.pl\/wp-content\/uploads\/2022\/08\/twoj-usmiech_logoi-1.png\" class=\"attachment-full size-full\" alt=\"\" loading=\"lazy\" \/>   <\/div><\/div><div class=\"grve-element grve-image grve-align-center\" style=\"\">  <div class=\"grve-image-wrapper\"><img width=\"233\" height=\"159\" src=\"https:\/\/www.moduestudio.pl\/wp-content\/uploads\/2022\/08\/willa_logo-1.png\" class=\"attachment-full size-full\" alt=\"\" loading=\"lazy\" \/>   <\/div><\/div>\t<\/div>  <\/div><\/div>[\/vc_column][\/vc_row]<\/p>\n","protected":false},"excerpt":{"rendered":"<p>[vc_row padding_top_multiplier=&#8221;&#8221; padding_bottom_multiplier=&#8221;&#8221; margin_bottom=&#8221;0&#8243;][vc_column][\/vc_column][\/vc_row][vc_row section_type=&#8221;fullwidth&#8221; padding_top_multiplier=&#8221;&#8221; padding_bottom_multiplier=&#8221;&#8221; columns_gap=&#8221;none&#8221; section_id=&#8221;o-studio-head&#8221;][vc_column width=&#8221;1\/2&#8243; el_id=&#8221;o-studio-img&#8221;][\/vc_column][vc_column width=&#8221;1\/2&#8243; el_id=&#8221;o-studio-txt&#8221;][vc_column_text el_class=&#8221;o-studio-block&#8221;] A space created out of love and passion for architecture and design &nbsp; Modue is a space for the architect and client, here concepts turn into reality, and the initial chaos takes on an orderly structure. We focus on creating a [&hellip;]<\/p>\n","protected":false},"author":1,"featured_media":0,"parent":0,"menu_order":0,"comment_status":"closed","ping_status":"closed","template":"","meta":{"inline_featured_image":false},"yoast_head":"<!-- This site is optimized with the Yoast SEO plugin v20.6 - https:\/\/yoast.com\/wordpress\/plugins\/seo\/ -->\n<title>About studio - Moduestudio<\/title>\n<meta name=\"robots\" content=\"index, follow, max-snippet:-1, max-image-preview:large, max-video-preview:-1\" \/>\n<link rel=\"canonical\" href=\"https:\/\/www.moduestudio.pl\/en\/about-studio\/\" \/>\n<meta property=\"og:locale\" content=\"en_US\" \/>\n<meta property=\"og:type\" content=\"article\" \/>\n<meta property=\"og:title\" content=\"About studio - Moduestudio\" \/>\n<meta property=\"og:description\" content=\"[vc_row padding_top_multiplier=&#8221;&#8221; padding_bottom_multiplier=&#8221;&#8221; margin_bottom=&#8221;0&#8243;][vc_column][\/vc_column][\/vc_row][vc_row section_type=&#8221;fullwidth&#8221; padding_top_multiplier=&#8221;&#8221; padding_bottom_multiplier=&#8221;&#8221; columns_gap=&#8221;none&#8221; section_id=&#8221;o-studio-head&#8221;][vc_column width=&#8221;1\/2&#8243; el_id=&#8221;o-studio-img&#8221;][\/vc_column][vc_column width=&#8221;1\/2&#8243; el_id=&#8221;o-studio-txt&#8221;][vc_column_text el_class=&#8221;o-studio-block&#8221;] A space created out of love and passion for architecture and design &nbsp; Modue is a space for the architect and client, here concepts turn into reality, and the initial chaos takes on an orderly structure. We focus on creating a [&hellip;]\" \/>\n<meta property=\"og:url\" content=\"https:\/\/www.moduestudio.pl\/en\/about-studio\/\" \/>\n<meta property=\"og:site_name\" content=\"Moduestudio\" \/>\n<meta property=\"article:publisher\" content=\"https:\/\/www.facebook.com\/profile.php?id=100069697292332\" \/>\n<meta property=\"article:modified_time\" content=\"2022-12-28T17:53:13+00:00\" \/>\n<meta property=\"og:image\" content=\"https:\/\/www.moduestudio.pl\/wp-content\/uploads\/2022\/11\/odnosnik-www.jpg\" \/>\n\t<meta property=\"og:image:width\" content=\"1200\" \/>\n\t<meta property=\"og:image:height\" content=\"630\" \/>\n\t<meta property=\"og:image:type\" content=\"image\/jpeg\" \/>\n<meta name=\"twitter:card\" content=\"summary_large_image\" \/>\n<meta name=\"twitter:label1\" content=\"Est. reading time\" \/>\n\t<meta name=\"twitter:data1\" content=\"2 minutes\" \/>\n<script type=\"application\/ld+json\" class=\"yoast-schema-graph\">{\"@context\":\"https:\/\/schema.org\",\"@graph\":[{\"@type\":\"WebPage\",\"@id\":\"https:\/\/www.moduestudio.pl\/en\/about-studio\/\",\"url\":\"https:\/\/www.moduestudio.pl\/en\/about-studio\/\",\"name\":\"About studio - Moduestudio\",\"isPartOf\":{\"@id\":\"https:\/\/www.moduestudio.pl\/#website\"},\"datePublished\":\"2022-07-20T20:23:34+00:00\",\"dateModified\":\"2022-12-28T17:53:13+00:00\",\"breadcrumb\":{\"@id\":\"https:\/\/www.moduestudio.pl\/en\/about-studio\/#breadcrumb\"},\"inLanguage\":\"en-US\",\"potentialAction\":[{\"@type\":\"ReadAction\",\"target\":[\"https:\/\/www.moduestudio.pl\/en\/about-studio\/\"]}]},{\"@type\":\"BreadcrumbList\",\"@id\":\"https:\/\/www.moduestudio.pl\/en\/about-studio\/#breadcrumb\",\"itemListElement\":[{\"@type\":\"ListItem\",\"position\":1,\"name\":\"Strona g\u0142\u00f3wna\",\"item\":\"https:\/\/www.moduestudio.pl\/en\/\"},{\"@type\":\"ListItem\",\"position\":2,\"name\":\"About studio\"}]},{\"@type\":\"WebSite\",\"@id\":\"https:\/\/www.moduestudio.pl\/#website\",\"url\":\"https:\/\/www.moduestudio.pl\/\",\"name\":\"Moduestudio\",\"description\":\"\",\"publisher\":{\"@id\":\"https:\/\/www.moduestudio.pl\/#organization\"},\"potentialAction\":[{\"@type\":\"SearchAction\",\"target\":{\"@type\":\"EntryPoint\",\"urlTemplate\":\"https:\/\/www.moduestudio.pl\/?s={search_term_string}\"},\"query-input\":\"required name=search_term_string\"}],\"inLanguage\":\"en-US\"},{\"@type\":\"Organization\",\"@id\":\"https:\/\/www.moduestudio.pl\/#organization\",\"name\":\"Moduestudio\",\"url\":\"https:\/\/www.moduestudio.pl\/\",\"logo\":{\"@type\":\"ImageObject\",\"inLanguage\":\"en-US\",\"@id\":\"https:\/\/www.moduestudio.pl\/#\/schema\/logo\/image\/\",\"url\":\"https:\/\/www.moduestudio.pl\/wp-content\/uploads\/2022\/07\/logo.svg\",\"contentUrl\":\"https:\/\/www.moduestudio.pl\/wp-content\/uploads\/2022\/07\/logo.svg\",\"width\":58,\"height\":61,\"caption\":\"Moduestudio\"},\"image\":{\"@id\":\"https:\/\/www.moduestudio.pl\/#\/schema\/logo\/image\/\"},\"sameAs\":[\"https:\/\/www.facebook.com\/profile.php?id=100069697292332\",\"https:\/\/www.instagram.com\/modue.studio\/\"]}]}<\/script>\n<!-- \/ Yoast SEO plugin. -->","yoast_head_json":{"title":"About studio - Moduestudio","robots":{"index":"index","follow":"follow","max-snippet":"max-snippet:-1","max-image-preview":"max-image-preview:large","max-video-preview":"max-video-preview:-1"},"canonical":"https:\/\/www.moduestudio.pl\/en\/about-studio\/","og_locale":"en_US","og_type":"article","og_title":"About studio - Moduestudio","og_description":"[vc_row padding_top_multiplier=&#8221;&#8221; padding_bottom_multiplier=&#8221;&#8221; margin_bottom=&#8221;0&#8243;][vc_column][\/vc_column][\/vc_row][vc_row section_type=&#8221;fullwidth&#8221; padding_top_multiplier=&#8221;&#8221; padding_bottom_multiplier=&#8221;&#8221; columns_gap=&#8221;none&#8221; section_id=&#8221;o-studio-head&#8221;][vc_column width=&#8221;1\/2&#8243; el_id=&#8221;o-studio-img&#8221;][\/vc_column][vc_column width=&#8221;1\/2&#8243; el_id=&#8221;o-studio-txt&#8221;][vc_column_text el_class=&#8221;o-studio-block&#8221;] A space created out of love and passion for architecture and design &nbsp; Modue is a space for the architect and client, here concepts turn into reality, and the initial chaos takes on an orderly structure. We focus on creating a [&hellip;]","og_url":"https:\/\/www.moduestudio.pl\/en\/about-studio\/","og_site_name":"Moduestudio","article_publisher":"https:\/\/www.facebook.com\/profile.php?id=100069697292332","article_modified_time":"2022-12-28T17:53:13+00:00","og_image":[{"width":1200,"height":630,"url":"https:\/\/www.moduestudio.pl\/wp-content\/uploads\/2022\/11\/odnosnik-www.jpg","type":"image\/jpeg"}],"twitter_card":"summary_large_image","twitter_misc":{"Est. reading time":"2 minutes"},"schema":{"@context":"https:\/\/schema.org","@graph":[{"@type":"WebPage","@id":"https:\/\/www.moduestudio.pl\/en\/about-studio\/","url":"https:\/\/www.moduestudio.pl\/en\/about-studio\/","name":"About studio - Moduestudio","isPartOf":{"@id":"https:\/\/www.moduestudio.pl\/#website"},"datePublished":"2022-07-20T20:23:34+00:00","dateModified":"2022-12-28T17:53:13+00:00","breadcrumb":{"@id":"https:\/\/www.moduestudio.pl\/en\/about-studio\/#breadcrumb"},"inLanguage":"en-US","potentialAction":[{"@type":"ReadAction","target":["https:\/\/www.moduestudio.pl\/en\/about-studio\/"]}]},{"@type":"BreadcrumbList","@id":"https:\/\/www.moduestudio.pl\/en\/about-studio\/#breadcrumb","itemListElement":[{"@type":"ListItem","position":1,"name":"Strona g\u0142\u00f3wna","item":"https:\/\/www.moduestudio.pl\/en\/"},{"@type":"ListItem","position":2,"name":"About studio"}]},{"@type":"WebSite","@id":"https:\/\/www.moduestudio.pl\/#website","url":"https:\/\/www.moduestudio.pl\/","name":"Moduestudio","description":"","publisher":{"@id":"https:\/\/www.moduestudio.pl\/#organization"},"potentialAction":[{"@type":"SearchAction","target":{"@type":"EntryPoint","urlTemplate":"https:\/\/www.moduestudio.pl\/?s={search_term_string}"},"query-input":"required name=search_term_string"}],"inLanguage":"en-US"},{"@type":"Organization","@id":"https:\/\/www.moduestudio.pl\/#organization","name":"Moduestudio","url":"https:\/\/www.moduestudio.pl\/","logo":{"@type":"ImageObject","inLanguage":"en-US","@id":"https:\/\/www.moduestudio.pl\/#\/schema\/logo\/image\/","url":"https:\/\/www.moduestudio.pl\/wp-content\/uploads\/2022\/07\/logo.svg","contentUrl":"https:\/\/www.moduestudio.pl\/wp-content\/uploads\/2022\/07\/logo.svg","width":58,"height":61,"caption":"Moduestudio"},"image":{"@id":"https:\/\/www.moduestudio.pl\/#\/schema\/logo\/image\/"},"sameAs":["https:\/\/www.facebook.com\/profile.php?id=100069697292332","https:\/\/www.instagram.com\/modue.studio\/"]}]}},"_links":{"self":[{"href":"https:\/\/www.moduestudio.pl\/en\/wp-json\/wp\/v2\/pages\/777"}],"collection":[{"href":"https:\/\/www.moduestudio.pl\/en\/wp-json\/wp\/v2\/pages"}],"about":[{"href":"https:\/\/www.moduestudio.pl\/en\/wp-json\/wp\/v2\/types\/page"}],"author":[{"embeddable":true,"href":"https:\/\/www.moduestudio.pl\/en\/wp-json\/wp\/v2\/users\/1"}],"replies":[{"embeddable":true,"href":"https:\/\/www.moduestudio.pl\/en\/wp-json\/wp\/v2\/comments?post=777"}],"version-history":[{"count":13,"href":"https:\/\/www.moduestudio.pl\/en\/wp-json\/wp\/v2\/pages\/777\/revisions"}],"predecessor-version":[{"id":984,"href":"https:\/\/www.moduestudio.pl\/en\/wp-json\/wp\/v2\/pages\/777\/revisions\/984"}],"wp:attachment":[{"href":"https:\/\/www.moduestudio.pl\/en\/wp-json\/wp\/v2\/media?parent=777"}],"curies":[{"name":"wp","href":"https:\/\/api.w.org\/{rel}","templated":true}]}}