{"id":785,"date":"2022-07-20T20:23:49","date_gmt":"2022-07-20T20:23:49","guid":{"rendered":"https:\/\/www.moduestudio.pl\/kontakt\/"},"modified":"2022-10-20T10:53:13","modified_gmt":"2022-10-20T10:53:13","slug":"contact","status":"publish","type":"page","link":"https:\/\/www.moduestudio.pl\/en\/contact\/","title":{"rendered":"Contact"},"content":{"rendered":"<p>[vc_row section_type=&#8221;fullwidth&#8221; bg_type=&#8221;color&#8221; padding_top_multiplier=&#8221;&#8221; padding_bottom_multiplier=&#8221;&#8221; columns_gap=&#8221;none&#8221; equal_column_height=&#8221;middle-content&#8221; section_id=&#8221;kontakt&#8221; bg_color=&#8221;#f2eee5&#8243;][vc_column width=&#8221;1\/2&#8243; el_class=&#8221;heightmap&#8221;][vc_raw_html css=&#8221;.vc_custom_1666263168024{margin-bottom: 0px !important;}&#8221;]JTNDaWZyYW1lJTIwc3JjJTNEJTIyaHR0cHMlM0ElMkYlMkZzbmF6enltYXBzLmNvbSUyRmVtYmVkJTJGNDMyMTMzJTIyJTIwd2lkdGglM0QlMjIxMDAlMjUlMjIlMjBoZWlnaHQlM0QlMjIxMDAlMjUlMjIlMjBzdHlsZSUzRCUyMmJvcmRlciUzQW5vbmUlM0IlMjIlM0UlM0MlMkZpZnJhbWUlM0U=[\/vc_raw_html][\/vc_column][vc_column width=&#8221;1\/2&#8243; el_class=&#8221;kontakt-wrap&#8221;]<h1 class=\"grve-element grve-title grve-align-left grve-h1 font-outline\" style=\"\"><span>let&#8217;s meet<\/span><\/h1>[vc_column_text]<strong>E<\/strong> hello@moduestudio.pl<br \/>\n<strong>M<\/strong> <a href=\"tel:+48692314299\">+48 692 314 299<\/a><br \/>\n<strong>A<\/strong> <a href=\"https:\/\/www.google.pl\/maps\/dir\/\/Agrestowa+133,+52-200+Wroc%C5%82aw\/@51.0620665,17.0122905,18z\/data=!4m9!4m8!1m0!1m5!1m1!1s0x470fc3afe1882a61:0x7407f6f067314095!2m2!1d17.0130643!2d51.0620665!3e0\">ul. Agrestowa 133\/2, 53-035 Wroc\u0142aw<\/a>[\/vc_column_text]\n<div class=\"wpcf7 no-js\" id=\"wpcf7-f37-o1\" lang=\"pl-PL\" dir=\"ltr\">\n<div class=\"screen-reader-response\"><p role=\"status\" aria-live=\"polite\" aria-atomic=\"true\"><\/p> <ul><\/ul><\/div>\n<form action=\"\/en\/wp-json\/wp\/v2\/pages\/785#wpcf7-f37-o1\" method=\"post\" class=\"wpcf7-form init\" aria-label=\"Contact form\" novalidate=\"novalidate\" data-status=\"init\">\n<div style=\"display: none;\">\n<input type=\"hidden\" name=\"_wpcf7\" value=\"37\" \/>\n<input type=\"hidden\" name=\"_wpcf7_version\" value=\"5.7.7\" \/>\n<input type=\"hidden\" name=\"_wpcf7_locale\" value=\"pl_PL\" \/>\n<input type=\"hidden\" name=\"_wpcf7_unit_tag\" value=\"wpcf7-f37-o1\" \/>\n<input type=\"hidden\" name=\"_wpcf7_container_post\" value=\"0\" \/>\n<input type=\"hidden\" name=\"_wpcf7_posted_data_hash\" value=\"\" \/>\n<\/div>\n<div class=\"c-left\">\n\t<p><span class=\"wpcf7-form-control-wrap\" data-name=\"imie\"><input size=\"40\" class=\"wpcf7-form-control wpcf7-text\" aria-invalid=\"false\" placeholder=\"Name\" value=\"\" type=\"text\" name=\"imie\" \/><\/span>\n\t<\/p>\n<\/div>\n<div class=\"c-right\">\n\t<p><span class=\"wpcf7-form-control-wrap\" data-name=\"nazw\"><input size=\"40\" class=\"wpcf7-form-control wpcf7-text\" aria-invalid=\"false\" placeholder=\"Surname\" value=\"\" type=\"text\" name=\"nazw\" \/><\/span>\n\t<\/p>\n<\/div>\n<div class=\"clearfix\">\n<\/div>\n<p><span class=\"wpcf7-form-control-wrap\" data-name=\"email\"><input size=\"40\" class=\"wpcf7-form-control wpcf7-text wpcf7-email wpcf7-validates-as-required wpcf7-validates-as-email\" aria-required=\"true\" aria-invalid=\"false\" placeholder=\"E-mail\" value=\"\" type=\"email\" name=\"email\" \/><\/span><span class=\"wpcf7-form-control-wrap\" data-name=\"tresc\"><textarea cols=\"40\" rows=\"10\" class=\"wpcf7-form-control wpcf7-textarea\" aria-invalid=\"false\" placeholder=\"Your message\" name=\"tresc\"><\/textarea><\/span><span class=\"smalltxt\">Wyra\u017cam zgod\u0119 na przetwarzanie danych osobowych zgodnie z ustaw\u0105 o ochronie danych osobowych w zwi\u0105zku z (np. wysy\u0142aniem zapytania przez formularz kontaktowy). Podanie danych jest dobrowolne, ale niezb\u0119dne do przetworzenia zapytania. Zosta\u0142em poinformowany, \u017ce przys\u0142uguje mi prawo dost\u0119pu do swoich danych, mo\u017cliwo\u015bci ich poprawiania, \u017c\u0105dania zaprzestania ich przetwarzania. Administratorem danych osobowych jest Moduestudio<\/span><input class=\"wpcf7-form-control has-spinner wpcf7-submit\" type=\"submit\" value=\"Send\" \/>\n<\/p>\n<div class=\"clearfix\">\n<\/div><div class=\"wpcf7-response-output\" aria-hidden=\"true\"><\/div>\n<\/form>\n<\/div>\n[\/vc_column][\/vc_row]<\/p>\n","protected":false},"excerpt":{"rendered":"<p>[vc_row section_type=&#8221;fullwidth&#8221; bg_type=&#8221;color&#8221; padding_top_multiplier=&#8221;&#8221; padding_bottom_multiplier=&#8221;&#8221; columns_gap=&#8221;none&#8221; equal_column_height=&#8221;middle-content&#8221; section_id=&#8221;kontakt&#8221; bg_color=&#8221;#f2eee5&#8243;][vc_column width=&#8221;1\/2&#8243; el_class=&#8221;heightmap&#8221;][vc_raw_html css=&#8221;.vc_custom_1666263168024{margin-bottom: 0px !important;}&#8221;]JTNDaWZyYW1lJTIwc3JjJTNEJTIyaHR0cHMlM0ElMkYlMkZzbmF6enltYXBzLmNvbSUyRmVtYmVkJTJGNDMyMTMzJTIyJTIwd2lkdGglM0QlMjIxMDAlMjUlMjIlMjBoZWlnaHQlM0QlMjIxMDAlMjUlMjIlMjBzdHlsZSUzRCUyMmJvcmRlciUzQW5vbmUlM0IlMjIlM0UlM0MlMkZpZnJhbWUlM0U=[\/vc_raw_html][\/vc_column][vc_column width=&#8221;1\/2&#8243; el_class=&#8221;kontakt-wrap&#8221;][vc_column_text]E hello@moduestudio.pl M +48 692 314 299 A ul. Agrestowa 133\/2, 53-035 Wroc\u0142aw[\/vc_column_text][\/vc_column][\/vc_row]<\/p>\n","protected":false},"author":1,"featured_media":0,"parent":0,"menu_order":0,"comment_status":"closed","ping_status":"closed","template":"","meta":{"inline_featured_image":false},"yoast_head":"<!-- This site is optimized with the Yoast SEO plugin v20.6 - https:\/\/yoast.com\/wordpress\/plugins\/seo\/ -->\n<title>Contact - Moduestudio<\/title>\n<meta name=\"robots\" content=\"index, follow, max-snippet:-1, max-image-preview:large, max-video-preview:-1\" \/>\n<link rel=\"canonical\" href=\"https:\/\/www.moduestudio.pl\/en\/contact\/\" \/>\n<meta property=\"og:locale\" content=\"en_US\" \/>\n<meta property=\"og:type\" content=\"article\" \/>\n<meta property=\"og:title\" content=\"Contact - Moduestudio\" \/>\n<meta property=\"og:description\" content=\"[vc_row section_type=&#8221;fullwidth&#8221; bg_type=&#8221;color&#8221; padding_top_multiplier=&#8221;&#8221; padding_bottom_multiplier=&#8221;&#8221; columns_gap=&#8221;none&#8221; equal_column_height=&#8221;middle-content&#8221; section_id=&#8221;kontakt&#8221; bg_color=&#8221;#f2eee5&#8243;][vc_column width=&#8221;1\/2&#8243; el_class=&#8221;heightmap&#8221;][vc_raw_html css=&#8221;.vc_custom_1666263168024{margin-bottom: 0px !important;}&#8221;]JTNDaWZyYW1lJTIwc3JjJTNEJTIyaHR0cHMlM0ElMkYlMkZzbmF6enltYXBzLmNvbSUyRmVtYmVkJTJGNDMyMTMzJTIyJTIwd2lkdGglM0QlMjIxMDAlMjUlMjIlMjBoZWlnaHQlM0QlMjIxMDAlMjUlMjIlMjBzdHlsZSUzRCUyMmJvcmRlciUzQW5vbmUlM0IlMjIlM0UlM0MlMkZpZnJhbWUlM0U=[\/vc_raw_html][\/vc_column][vc_column width=&#8221;1\/2&#8243; el_class=&#8221;kontakt-wrap&#8221;][vc_column_text]E hello@moduestudio.pl M +48 692 314 299 A ul. Agrestowa 133\/2, 53-035 Wroc\u0142aw[\/vc_column_text][\/vc_column][\/vc_row]\" \/>\n<meta property=\"og:url\" content=\"https:\/\/www.moduestudio.pl\/en\/contact\/\" \/>\n<meta property=\"og:site_name\" content=\"Moduestudio\" \/>\n<meta property=\"article:publisher\" content=\"https:\/\/www.facebook.com\/profile.php?id=100069697292332\" \/>\n<meta property=\"article:modified_time\" content=\"2022-10-20T10:53:13+00:00\" \/>\n<meta property=\"og:image\" content=\"https:\/\/www.moduestudio.pl\/wp-content\/uploads\/2022\/11\/odnosnik-www.jpg\" \/>\n\t<meta property=\"og:image:width\" content=\"1200\" \/>\n\t<meta property=\"og:image:height\" content=\"630\" \/>\n\t<meta property=\"og:image:type\" content=\"image\/jpeg\" \/>\n<meta name=\"twitter:card\" content=\"summary_large_image\" \/>\n<meta name=\"twitter:label1\" content=\"Est. reading time\" \/>\n\t<meta name=\"twitter:data1\" content=\"1 minute\" \/>\n<script type=\"application\/ld+json\" class=\"yoast-schema-graph\">{\"@context\":\"https:\/\/schema.org\",\"@graph\":[{\"@type\":\"WebPage\",\"@id\":\"https:\/\/www.moduestudio.pl\/en\/contact\/\",\"url\":\"https:\/\/www.moduestudio.pl\/en\/contact\/\",\"name\":\"Contact - Moduestudio\",\"isPartOf\":{\"@id\":\"https:\/\/www.moduestudio.pl\/#website\"},\"datePublished\":\"2022-07-20T20:23:49+00:00\",\"dateModified\":\"2022-10-20T10:53:13+00:00\",\"breadcrumb\":{\"@id\":\"https:\/\/www.moduestudio.pl\/en\/contact\/#breadcrumb\"},\"inLanguage\":\"en-US\",\"potentialAction\":[{\"@type\":\"ReadAction\",\"target\":[\"https:\/\/www.moduestudio.pl\/en\/contact\/\"]}]},{\"@type\":\"BreadcrumbList\",\"@id\":\"https:\/\/www.moduestudio.pl\/en\/contact\/#breadcrumb\",\"itemListElement\":[{\"@type\":\"ListItem\",\"position\":1,\"name\":\"Strona g\u0142\u00f3wna\",\"item\":\"https:\/\/www.moduestudio.pl\/en\/\"},{\"@type\":\"ListItem\",\"position\":2,\"name\":\"Contact\"}]},{\"@type\":\"WebSite\",\"@id\":\"https:\/\/www.moduestudio.pl\/#website\",\"url\":\"https:\/\/www.moduestudio.pl\/\",\"name\":\"Moduestudio\",\"description\":\"\",\"publisher\":{\"@id\":\"https:\/\/www.moduestudio.pl\/#organization\"},\"potentialAction\":[{\"@type\":\"SearchAction\",\"target\":{\"@type\":\"EntryPoint\",\"urlTemplate\":\"https:\/\/www.moduestudio.pl\/?s={search_term_string}\"},\"query-input\":\"required name=search_term_string\"}],\"inLanguage\":\"en-US\"},{\"@type\":\"Organization\",\"@id\":\"https:\/\/www.moduestudio.pl\/#organization\",\"name\":\"Moduestudio\",\"url\":\"https:\/\/www.moduestudio.pl\/\",\"logo\":{\"@type\":\"ImageObject\",\"inLanguage\":\"en-US\",\"@id\":\"https:\/\/www.moduestudio.pl\/#\/schema\/logo\/image\/\",\"url\":\"https:\/\/www.moduestudio.pl\/wp-content\/uploads\/2022\/07\/logo.svg\",\"contentUrl\":\"https:\/\/www.moduestudio.pl\/wp-content\/uploads\/2022\/07\/logo.svg\",\"width\":58,\"height\":61,\"caption\":\"Moduestudio\"},\"image\":{\"@id\":\"https:\/\/www.moduestudio.pl\/#\/schema\/logo\/image\/\"},\"sameAs\":[\"https:\/\/www.facebook.com\/profile.php?id=100069697292332\",\"https:\/\/www.instagram.com\/modue.studio\/\"]}]}<\/script>\n<!-- \/ Yoast SEO plugin. -->","yoast_head_json":{"title":"Contact - Moduestudio","robots":{"index":"index","follow":"follow","max-snippet":"max-snippet:-1","max-image-preview":"max-image-preview:large","max-video-preview":"max-video-preview:-1"},"canonical":"https:\/\/www.moduestudio.pl\/en\/contact\/","og_locale":"en_US","og_type":"article","og_title":"Contact - Moduestudio","og_description":"[vc_row section_type=&#8221;fullwidth&#8221; bg_type=&#8221;color&#8221; padding_top_multiplier=&#8221;&#8221; padding_bottom_multiplier=&#8221;&#8221; columns_gap=&#8221;none&#8221; equal_column_height=&#8221;middle-content&#8221; section_id=&#8221;kontakt&#8221; bg_color=&#8221;#f2eee5&#8243;][vc_column width=&#8221;1\/2&#8243; el_class=&#8221;heightmap&#8221;][vc_raw_html css=&#8221;.vc_custom_1666263168024{margin-bottom: 0px !important;}&#8221;]JTNDaWZyYW1lJTIwc3JjJTNEJTIyaHR0cHMlM0ElMkYlMkZzbmF6enltYXBzLmNvbSUyRmVtYmVkJTJGNDMyMTMzJTIyJTIwd2lkdGglM0QlMjIxMDAlMjUlMjIlMjBoZWlnaHQlM0QlMjIxMDAlMjUlMjIlMjBzdHlsZSUzRCUyMmJvcmRlciUzQW5vbmUlM0IlMjIlM0UlM0MlMkZpZnJhbWUlM0U=[\/vc_raw_html][\/vc_column][vc_column width=&#8221;1\/2&#8243; el_class=&#8221;kontakt-wrap&#8221;][vc_column_text]E hello@moduestudio.pl M +48 692 314 299 A ul. Agrestowa 133\/2, 53-035 Wroc\u0142aw[\/vc_column_text][\/vc_column][\/vc_row]","og_url":"https:\/\/www.moduestudio.pl\/en\/contact\/","og_site_name":"Moduestudio","article_publisher":"https:\/\/www.facebook.com\/profile.php?id=100069697292332","article_modified_time":"2022-10-20T10:53:13+00:00","og_image":[{"width":1200,"height":630,"url":"https:\/\/www.moduestudio.pl\/wp-content\/uploads\/2022\/11\/odnosnik-www.jpg","type":"image\/jpeg"}],"twitter_card":"summary_large_image","twitter_misc":{"Est. reading time":"1 minute"},"schema":{"@context":"https:\/\/schema.org","@graph":[{"@type":"WebPage","@id":"https:\/\/www.moduestudio.pl\/en\/contact\/","url":"https:\/\/www.moduestudio.pl\/en\/contact\/","name":"Contact - Moduestudio","isPartOf":{"@id":"https:\/\/www.moduestudio.pl\/#website"},"datePublished":"2022-07-20T20:23:49+00:00","dateModified":"2022-10-20T10:53:13+00:00","breadcrumb":{"@id":"https:\/\/www.moduestudio.pl\/en\/contact\/#breadcrumb"},"inLanguage":"en-US","potentialAction":[{"@type":"ReadAction","target":["https:\/\/www.moduestudio.pl\/en\/contact\/"]}]},{"@type":"BreadcrumbList","@id":"https:\/\/www.moduestudio.pl\/en\/contact\/#breadcrumb","itemListElement":[{"@type":"ListItem","position":1,"name":"Strona g\u0142\u00f3wna","item":"https:\/\/www.moduestudio.pl\/en\/"},{"@type":"ListItem","position":2,"name":"Contact"}]},{"@type":"WebSite","@id":"https:\/\/www.moduestudio.pl\/#website","url":"https:\/\/www.moduestudio.pl\/","name":"Moduestudio","description":"","publisher":{"@id":"https:\/\/www.moduestudio.pl\/#organization"},"potentialAction":[{"@type":"SearchAction","target":{"@type":"EntryPoint","urlTemplate":"https:\/\/www.moduestudio.pl\/?s={search_term_string}"},"query-input":"required name=search_term_string"}],"inLanguage":"en-US"},{"@type":"Organization","@id":"https:\/\/www.moduestudio.pl\/#organization","name":"Moduestudio","url":"https:\/\/www.moduestudio.pl\/","logo":{"@type":"ImageObject","inLanguage":"en-US","@id":"https:\/\/www.moduestudio.pl\/#\/schema\/logo\/image\/","url":"https:\/\/www.moduestudio.pl\/wp-content\/uploads\/2022\/07\/logo.svg","contentUrl":"https:\/\/www.moduestudio.pl\/wp-content\/uploads\/2022\/07\/logo.svg","width":58,"height":61,"caption":"Moduestudio"},"image":{"@id":"https:\/\/www.moduestudio.pl\/#\/schema\/logo\/image\/"},"sameAs":["https:\/\/www.facebook.com\/profile.php?id=100069697292332","https:\/\/www.instagram.com\/modue.studio\/"]}]}},"_links":{"self":[{"href":"https:\/\/www.moduestudio.pl\/en\/wp-json\/wp\/v2\/pages\/785"}],"collection":[{"href":"https:\/\/www.moduestudio.pl\/en\/wp-json\/wp\/v2\/pages"}],"about":[{"href":"https:\/\/www.moduestudio.pl\/en\/wp-json\/wp\/v2\/types\/page"}],"author":[{"embeddable":true,"href":"https:\/\/www.moduestudio.pl\/en\/wp-json\/wp\/v2\/users\/1"}],"replies":[{"embeddable":true,"href":"https:\/\/www.moduestudio.pl\/en\/wp-json\/wp\/v2\/comments?post=785"}],"version-history":[{"count":3,"href":"https:\/\/www.moduestudio.pl\/en\/wp-json\/wp\/v2\/pages\/785\/revisions"}],"predecessor-version":[{"id":880,"href":"https:\/\/www.moduestudio.pl\/en\/wp-json\/wp\/v2\/pages\/785\/revisions\/880"}],"wp:attachment":[{"href":"https:\/\/www.moduestudio.pl\/en\/wp-json\/wp\/v2\/media?parent=785"}],"curies":[{"name":"wp","href":"https:\/\/api.w.org\/{rel}","templated":true}]}}