{"id":811,"date":"2022-10-09T14:18:09","date_gmt":"2022-10-09T14:18:09","guid":{"rendered":"https:\/\/www.moduestudio.pl\/art-line\/"},"modified":"2022-10-23T13:55:36","modified_gmt":"2022-10-23T13:55:36","slug":"art-line","status":"publish","type":"page","link":"https:\/\/www.moduestudio.pl\/en\/art-line\/","title":{"rendered":"Art Line"},"content":{"rendered":"<p>[vc_row section_type=&#8221;fullwidth&#8221; bg_type=&#8221;color&#8221; padding_top_multiplier=&#8221;&#8221; padding_bottom_multiplier=&#8221;&#8221; columns_gap=&#8221;none&#8221; equal_column_height=&#8221;equal-column&#8221; bg_color=&#8221;#f2eee5&#8243; section_id=&#8221;p-open&#8221;][vc_column width=&#8221;2\/3&#8243; clipping_animation=&#8221;clipping-right&#8221; css=&#8221;.vc_custom_1665325265932{background-image: url(https:\/\/www.moduestudio.pl\/wp-content\/uploads\/2022\/10\/intro_proj-1.jpg?id=553) !important;}&#8221;]<div class=\"grve-element grve-image grve-animated-item grve-duration-normal grve-fade-in mob-show grve-align-center\" style=\"\" data-delay=\"200\">  <div class=\"grve-image-wrapper\"><img width=\"1220\" height=\"906\" src=\"https:\/\/www.moduestudio.pl\/wp-content\/uploads\/2022\/10\/intro_proj-1.jpg\" class=\"attachment-full size-full\" alt=\"\" loading=\"lazy\" srcset=\"https:\/\/www.moduestudio.pl\/wp-content\/uploads\/2022\/10\/intro_proj-1.jpg 1220w, https:\/\/www.moduestudio.pl\/wp-content\/uploads\/2022\/10\/intro_proj-1-300x223.jpg 300w, https:\/\/www.moduestudio.pl\/wp-content\/uploads\/2022\/10\/intro_proj-1-1024x760.jpg 1024w, https:\/\/www.moduestudio.pl\/wp-content\/uploads\/2022\/10\/intro_proj-1-768x570.jpg 768w\" sizes=\"(max-width: 1220px) 100vw, 1220px\" \/>   <\/div><\/div>[\/vc_column][vc_column vertical_content_position=&#8221;bottom&#8221; width=&#8221;1\/3&#8243; el_id=&#8221;p-head&#8221;][vc_column_text text_style=&#8221;leader-text&#8221; el_class=&#8221;p-no&#8221;]07[\/vc_column_text][vc_column_text el_class=&#8221;p-cat&#8221;]private apartment[\/vc_column_text]<h1 class=\"grve-element grve-title grve-align-left grve-h2 p-title\" style=\"\"><span>Art Line<\/span><\/h1>[vc_column_text animation=&#8221;grve-fade-in-up&#8221; el_class=&#8221;p-desc&#8221;]The duplex apartment is located on the outskirts of New York City. Both levels are connected by a spiral staircase which is the central point of the apartment.<\/p>\n<p>It is a competition project that was awarded 2nd place in the final. The competition was organized by the manufacturer of household appliances, the Miele brand, in cooperation with the Nice Dom magazine. The competition task was to create a modern, minimalist kitchen space open to the living room using Miele ArtLine appliances.[\/vc_column_text][vc_row_inner el_class=&#8221;p-stats&#8221;][vc_column_inner width=&#8221;1\/2&#8243;][vc_column_text animation=&#8221;grve-fade-in-up&#8221; animation_delay=&#8221;300&#8243;]area:<br \/>\nrealization:<br \/>\nlocation:<br \/>\nrange:[\/vc_column_text][\/vc_column_inner][vc_column_inner width=&#8221;1\/2&#8243;][vc_column_text animation=&#8221;grve-fade-in-up&#8221; animation_delay=&#8221;400&#8243;]<strong>170 m2<\/strong><br \/>\n<strong>2017<\/strong><br \/>\n<strong>New York, USA<br \/>\nconceptual design<br \/>\n<\/strong>[\/vc_column_text][\/vc_column_inner][\/vc_row_inner][\/vc_column][\/vc_row][vc_row section_type=&#8221;fullwidth&#8221; padding_top_multiplier=&#8221;5x&#8221; columns_gap=&#8221;none&#8221;][vc_column width=&#8221;1\/2&#8243; el_class=&#8221;p7c1&#8243;]<div class=\"grve-element grve-image grve-animated-item grve-duration-normal grve-fade-in-up grve-align-left\" style=\"\" data-delay=\"200\">  <div class=\"grve-image-wrapper\"><img width=\"800\" height=\"594\" src=\"https:\/\/www.moduestudio.pl\/wp-content\/uploads\/2022\/10\/Rectangle-17.jpg\" class=\"attachment-full size-full\" alt=\"\" loading=\"lazy\" srcset=\"https:\/\/www.moduestudio.pl\/wp-content\/uploads\/2022\/10\/Rectangle-17.jpg 800w, https:\/\/www.moduestudio.pl\/wp-content\/uploads\/2022\/10\/Rectangle-17-300x223.jpg 300w, https:\/\/www.moduestudio.pl\/wp-content\/uploads\/2022\/10\/Rectangle-17-768x570.jpg 768w\" sizes=\"(max-width: 800px) 100vw, 800px\" \/>   <\/div><\/div><div class=\"grve-empty-space grve-height-3x\" style=\"\"><\/div><h3 class=\"grve-element grve-title grve-align-left grve-animated-item grve-duration-normal grve-fade-in-up grve-h3\" style=\"\" data-delay=\"200\"><span><em>The whole was designed in an ascetic style, simple and authentic. <\/em><\/span><\/h3>[vc_column_text animation=&#8221;grve-fade-in-up&#8221;]The rooms were finished with materials that allowed to create an interior that combines elements of cool and warm &#8211; concrete, glass, stainless steel, wood&#8230;[\/vc_column_text][\/vc_column][vc_column width=&#8221;1\/2&#8243;]<div class=\"grve-element grve-image grve-animated-item grve-duration-normal grve-fade-in-up grve-align-right\" style=\"\" data-delay=\"200\">  <div class=\"grve-image-wrapper\"><img width=\"800\" height=\"992\" src=\"https:\/\/www.moduestudio.pl\/wp-content\/uploads\/2022\/10\/Rectangle-21.jpg\" class=\"attachment-full size-full\" alt=\"\" loading=\"lazy\" srcset=\"https:\/\/www.moduestudio.pl\/wp-content\/uploads\/2022\/10\/Rectangle-21.jpg 800w, https:\/\/www.moduestudio.pl\/wp-content\/uploads\/2022\/10\/Rectangle-21-242x300.jpg 242w, https:\/\/www.moduestudio.pl\/wp-content\/uploads\/2022\/10\/Rectangle-21-768x952.jpg 768w\" sizes=\"(max-width: 800px) 100vw, 800px\" \/>   <\/div><\/div>[\/vc_column][\/vc_row][vc_row section_type=&#8221;fullwidth&#8221; padding_top_multiplier=&#8221;3x&#8221; columns_gap=&#8221;none&#8221;][vc_column width=&#8221;1\/2&#8243; el_wrapper_class=&#8221;p7t1&#8243;]<div class=\"grve-element grve-image grve-animated-item grve-duration-normal grve-fade-in-up grve-align-left\" style=\"\" data-delay=\"200\">  <div class=\"grve-image-wrapper\"><img width=\"800\" height=\"992\" src=\"https:\/\/www.moduestudio.pl\/wp-content\/uploads\/2022\/10\/Rectangle-24.jpg\" class=\"attachment-full size-full\" alt=\"\" loading=\"lazy\" srcset=\"https:\/\/www.moduestudio.pl\/wp-content\/uploads\/2022\/10\/Rectangle-24.jpg 800w, https:\/\/www.moduestudio.pl\/wp-content\/uploads\/2022\/10\/Rectangle-24-242x300.jpg 242w, https:\/\/www.moduestudio.pl\/wp-content\/uploads\/2022\/10\/Rectangle-24-768x952.jpg 768w\" sizes=\"(max-width: 800px) 100vw, 800px\" \/>   <\/div><\/div><div class=\"grve-empty-space grve-height-3x\" style=\"\"><\/div><h3 class=\"grve-element grve-title grve-align-left grve-animated-item grve-duration-normal grve-fade-in-up grve-h3\" style=\"\" data-delay=\"200\"><span><em>The whole is complemented by designer furniture, <\/em><\/span><\/h3>[vc_column_text animation=&#8221;grve-fade-in-up&#8221;]such as VERTIGO, a ceiling pendant lamp designed by CONSTANCE GUISSET. The sofa is a project of the Scandinavian brand MUUTO represented by designers ANDERSSEN &amp; VOLL, while the chairs in the dining room are designed by the French company LIGNE ROSET, the SERPENTINE model.[\/vc_column_text][\/vc_column][vc_column width=&#8221;1\/2&#8243; el_wrapper_class=&#8221;p7c2&#8243;]<div class=\"grve-element grve-image grve-animated-item grve-duration-normal grve-fade-in-up grve-align-left\" style=\"\" data-delay=\"200\">  <div class=\"grve-image-wrapper\"><img width=\"800\" height=\"604\" src=\"https:\/\/www.moduestudio.pl\/wp-content\/uploads\/2022\/10\/Rectangle-25.jpg\" class=\"attachment-full size-full\" alt=\"\" loading=\"lazy\" srcset=\"https:\/\/www.moduestudio.pl\/wp-content\/uploads\/2022\/10\/Rectangle-25.jpg 800w, https:\/\/www.moduestudio.pl\/wp-content\/uploads\/2022\/10\/Rectangle-25-300x227.jpg 300w, https:\/\/www.moduestudio.pl\/wp-content\/uploads\/2022\/10\/Rectangle-25-768x580.jpg 768w\" sizes=\"(max-width: 800px) 100vw, 800px\" \/>   <\/div><\/div><div class=\"grve-empty-space grve-height-3x\" style=\"\"><\/div><h3 class=\"grve-element grve-title grve-align-left grve-animated-item grve-duration-normal grve-fade-in-up grve-h3\" style=\"\" data-delay=\"200\"><span><em>The leading colors are white and gray with a powder pink accent. <\/em><\/span><\/h3>[vc_column_text animation=&#8221;grve-fade-in-up&#8221;]The kitchen is a combination of modernity and history. Kitchen appliances combining old boards covered with a patina of time &#8211; hence their gray, natural color. Decorative elements in white tones do not compete with other interior components, but organize them. A minimalistic, human-friendly space was created.[\/vc_column_text]<div class=\"grve-empty-space grve-height-3x\" style=\"\"><\/div><h3 class=\"grve-element grve-title grve-align-left grve-animated-item grve-duration-normal grve-fade-in-up grve-h3\" style=\"\" data-delay=\"200\"><span><em>Light, space, purity of lines. Maximum simplicity of forms and an almost monochromatic color palette. <\/em><\/span><\/h3>[vc_column_text animation=&#8221;grve-fade-in-up&#8221;]Kuchnia jest zestawieniem nowoczesno\u015bci z histori\u0105. Urz\u0105dzenia kuchenne stanowi\u0105ce po\u0142\u0105czenie ze starych desek pokrytych patyn\u0105 czasu- st\u0105d ich szara, naturalna barwa. Elementy dekoracyjne utrzymane w bia\u0142ej tonacji nie konkuruj\u0105 z pozosta\u0142ymi sk\u0142adnikami wn\u0119trza, ale je porz\u0105dkuj\u0105. Stworzono minimalistyczn\u0105 przestrze\u0144, przyjazn\u0105 cz\u0142owiekowi.[\/vc_column_text][\/vc_column][\/vc_row][vc_row padding_top_multiplier=&#8221;3x&#8221;][vc_column width=&#8221;1\/2&#8243;]<div class=\"grve-element grve-image grve-animated-item grve-duration-normal grve-fade-in-up grve-align-left\" style=\"\" data-delay=\"200\">  <div class=\"grve-image-wrapper\"><img width=\"800\" height=\"604\" src=\"https:\/\/www.moduestudio.pl\/wp-content\/uploads\/2022\/10\/Rectangle-27.jpg\" class=\"attachment-full size-full\" alt=\"\" loading=\"lazy\" srcset=\"https:\/\/www.moduestudio.pl\/wp-content\/uploads\/2022\/10\/Rectangle-27.jpg 800w, https:\/\/www.moduestudio.pl\/wp-content\/uploads\/2022\/10\/Rectangle-27-300x227.jpg 300w, https:\/\/www.moduestudio.pl\/wp-content\/uploads\/2022\/10\/Rectangle-27-768x580.jpg 768w\" sizes=\"(max-width: 800px) 100vw, 800px\" \/>   <\/div><\/div>[\/vc_column][vc_column width=&#8221;1\/2&#8243;]<div class=\"grve-element grve-image grve-animated-item grve-duration-normal grve-fade-in-up grve-align-left\" style=\"\" data-delay=\"200\">  <div class=\"grve-image-wrapper\"><img width=\"800\" height=\"604\" src=\"https:\/\/www.moduestudio.pl\/wp-content\/uploads\/2022\/10\/Rectangle-26.jpg\" class=\"attachment-full size-full\" alt=\"\" loading=\"lazy\" srcset=\"https:\/\/www.moduestudio.pl\/wp-content\/uploads\/2022\/10\/Rectangle-26.jpg 800w, https:\/\/www.moduestudio.pl\/wp-content\/uploads\/2022\/10\/Rectangle-26-300x227.jpg 300w, https:\/\/www.moduestudio.pl\/wp-content\/uploads\/2022\/10\/Rectangle-26-768x580.jpg 768w\" sizes=\"(max-width: 800px) 100vw, 800px\" \/>   <\/div><\/div>[\/vc_column][\/vc_row]<\/p>\n","protected":false},"excerpt":{"rendered":"<p>[vc_row section_type=&#8221;fullwidth&#8221; bg_type=&#8221;color&#8221; padding_top_multiplier=&#8221;&#8221; padding_bottom_multiplier=&#8221;&#8221; columns_gap=&#8221;none&#8221; equal_column_height=&#8221;equal-column&#8221; bg_color=&#8221;#f2eee5&#8243; section_id=&#8221;p-open&#8221;][vc_column width=&#8221;2\/3&#8243; clipping_animation=&#8221;clipping-right&#8221; css=&#8221;.vc_custom_1665325265932{background-image: url(https:\/\/www.moduestudio.pl\/wp-content\/uploads\/2022\/10\/intro_proj-1.jpg?id=553) !important;}&#8221;][\/vc_column][vc_column vertical_content_position=&#8221;bottom&#8221; width=&#8221;1\/3&#8243; el_id=&#8221;p-head&#8221;][vc_column_text text_style=&#8221;leader-text&#8221; el_class=&#8221;p-no&#8221;]07[\/vc_column_text][vc_column_text el_class=&#8221;p-cat&#8221;]private apartment[\/vc_column_text][vc_column_text animation=&#8221;grve-fade-in-up&#8221; el_class=&#8221;p-desc&#8221;]The duplex apartment is located on the outskirts of New York City. Both levels are connected by a spiral staircase which is the central point of the apartment. It is a competition project [&hellip;]<\/p>\n","protected":false},"author":1,"featured_media":0,"parent":0,"menu_order":0,"comment_status":"closed","ping_status":"closed","template":"page-templates\/template-projekt.php","meta":{"inline_featured_image":false},"yoast_head":"<!-- This site is optimized with the Yoast SEO plugin v20.6 - https:\/\/yoast.com\/wordpress\/plugins\/seo\/ -->\n<title>Art Line - Moduestudio<\/title>\n<meta name=\"robots\" content=\"index, follow, max-snippet:-1, max-image-preview:large, max-video-preview:-1\" \/>\n<link rel=\"canonical\" href=\"https:\/\/www.moduestudio.pl\/en\/art-line\/\" \/>\n<meta property=\"og:locale\" content=\"en_US\" \/>\n<meta property=\"og:type\" content=\"article\" \/>\n<meta property=\"og:title\" content=\"Art Line - Moduestudio\" \/>\n<meta property=\"og:description\" content=\"[vc_row section_type=&#8221;fullwidth&#8221; bg_type=&#8221;color&#8221; padding_top_multiplier=&#8221;&#8221; padding_bottom_multiplier=&#8221;&#8221; columns_gap=&#8221;none&#8221; equal_column_height=&#8221;equal-column&#8221; bg_color=&#8221;#f2eee5&#8243; section_id=&#8221;p-open&#8221;][vc_column width=&#8221;2\/3&#8243; clipping_animation=&#8221;clipping-right&#8221; css=&#8221;.vc_custom_1665325265932{background-image: url(https:\/\/www.moduestudio.pl\/wp-content\/uploads\/2022\/10\/intro_proj-1.jpg?id=553) !important;}&#8221;][\/vc_column][vc_column vertical_content_position=&#8221;bottom&#8221; width=&#8221;1\/3&#8243; el_id=&#8221;p-head&#8221;][vc_column_text text_style=&#8221;leader-text&#8221; el_class=&#8221;p-no&#8221;]07[\/vc_column_text][vc_column_text el_class=&#8221;p-cat&#8221;]private apartment[\/vc_column_text][vc_column_text animation=&#8221;grve-fade-in-up&#8221; el_class=&#8221;p-desc&#8221;]The duplex apartment is located on the outskirts of New York City. Both levels are connected by a spiral staircase which is the central point of the apartment. It is a competition project [&hellip;]\" \/>\n<meta property=\"og:url\" content=\"https:\/\/www.moduestudio.pl\/en\/art-line\/\" \/>\n<meta property=\"og:site_name\" content=\"Moduestudio\" \/>\n<meta property=\"article:publisher\" content=\"https:\/\/www.facebook.com\/profile.php?id=100069697292332\" \/>\n<meta property=\"article:modified_time\" content=\"2022-10-23T13:55:36+00:00\" \/>\n<meta property=\"og:image\" content=\"https:\/\/www.moduestudio.pl\/wp-content\/uploads\/2022\/11\/odnosnik-www.jpg\" \/>\n\t<meta property=\"og:image:width\" content=\"1200\" \/>\n\t<meta property=\"og:image:height\" content=\"630\" \/>\n\t<meta property=\"og:image:type\" content=\"image\/jpeg\" \/>\n<meta name=\"twitter:card\" content=\"summary_large_image\" \/>\n<meta name=\"twitter:label1\" content=\"Est. reading time\" \/>\n\t<meta name=\"twitter:data1\" content=\"3 minutes\" \/>\n<script type=\"application\/ld+json\" class=\"yoast-schema-graph\">{\"@context\":\"https:\/\/schema.org\",\"@graph\":[{\"@type\":\"WebPage\",\"@id\":\"https:\/\/www.moduestudio.pl\/en\/art-line\/\",\"url\":\"https:\/\/www.moduestudio.pl\/en\/art-line\/\",\"name\":\"Art Line - Moduestudio\",\"isPartOf\":{\"@id\":\"https:\/\/www.moduestudio.pl\/#website\"},\"datePublished\":\"2022-10-09T14:18:09+00:00\",\"dateModified\":\"2022-10-23T13:55:36+00:00\",\"breadcrumb\":{\"@id\":\"https:\/\/www.moduestudio.pl\/en\/art-line\/#breadcrumb\"},\"inLanguage\":\"en-US\",\"potentialAction\":[{\"@type\":\"ReadAction\",\"target\":[\"https:\/\/www.moduestudio.pl\/en\/art-line\/\"]}]},{\"@type\":\"BreadcrumbList\",\"@id\":\"https:\/\/www.moduestudio.pl\/en\/art-line\/#breadcrumb\",\"itemListElement\":[{\"@type\":\"ListItem\",\"position\":1,\"name\":\"Strona g\u0142\u00f3wna\",\"item\":\"https:\/\/www.moduestudio.pl\/en\/\"},{\"@type\":\"ListItem\",\"position\":2,\"name\":\"Art Line\"}]},{\"@type\":\"WebSite\",\"@id\":\"https:\/\/www.moduestudio.pl\/#website\",\"url\":\"https:\/\/www.moduestudio.pl\/\",\"name\":\"Moduestudio\",\"description\":\"\",\"publisher\":{\"@id\":\"https:\/\/www.moduestudio.pl\/#organization\"},\"potentialAction\":[{\"@type\":\"SearchAction\",\"target\":{\"@type\":\"EntryPoint\",\"urlTemplate\":\"https:\/\/www.moduestudio.pl\/?s={search_term_string}\"},\"query-input\":\"required name=search_term_string\"}],\"inLanguage\":\"en-US\"},{\"@type\":\"Organization\",\"@id\":\"https:\/\/www.moduestudio.pl\/#organization\",\"name\":\"Moduestudio\",\"url\":\"https:\/\/www.moduestudio.pl\/\",\"logo\":{\"@type\":\"ImageObject\",\"inLanguage\":\"en-US\",\"@id\":\"https:\/\/www.moduestudio.pl\/#\/schema\/logo\/image\/\",\"url\":\"https:\/\/www.moduestudio.pl\/wp-content\/uploads\/2022\/07\/logo.svg\",\"contentUrl\":\"https:\/\/www.moduestudio.pl\/wp-content\/uploads\/2022\/07\/logo.svg\",\"width\":58,\"height\":61,\"caption\":\"Moduestudio\"},\"image\":{\"@id\":\"https:\/\/www.moduestudio.pl\/#\/schema\/logo\/image\/\"},\"sameAs\":[\"https:\/\/www.facebook.com\/profile.php?id=100069697292332\",\"https:\/\/www.instagram.com\/modue.studio\/\"]}]}<\/script>\n<!-- \/ Yoast SEO plugin. -->","yoast_head_json":{"title":"Art Line - Moduestudio","robots":{"index":"index","follow":"follow","max-snippet":"max-snippet:-1","max-image-preview":"max-image-preview:large","max-video-preview":"max-video-preview:-1"},"canonical":"https:\/\/www.moduestudio.pl\/en\/art-line\/","og_locale":"en_US","og_type":"article","og_title":"Art Line - Moduestudio","og_description":"[vc_row section_type=&#8221;fullwidth&#8221; bg_type=&#8221;color&#8221; padding_top_multiplier=&#8221;&#8221; padding_bottom_multiplier=&#8221;&#8221; columns_gap=&#8221;none&#8221; equal_column_height=&#8221;equal-column&#8221; bg_color=&#8221;#f2eee5&#8243; section_id=&#8221;p-open&#8221;][vc_column width=&#8221;2\/3&#8243; clipping_animation=&#8221;clipping-right&#8221; css=&#8221;.vc_custom_1665325265932{background-image: url(https:\/\/www.moduestudio.pl\/wp-content\/uploads\/2022\/10\/intro_proj-1.jpg?id=553) !important;}&#8221;][\/vc_column][vc_column vertical_content_position=&#8221;bottom&#8221; width=&#8221;1\/3&#8243; el_id=&#8221;p-head&#8221;][vc_column_text text_style=&#8221;leader-text&#8221; el_class=&#8221;p-no&#8221;]07[\/vc_column_text][vc_column_text el_class=&#8221;p-cat&#8221;]private apartment[\/vc_column_text][vc_column_text animation=&#8221;grve-fade-in-up&#8221; el_class=&#8221;p-desc&#8221;]The duplex apartment is located on the outskirts of New York City. Both levels are connected by a spiral staircase which is the central point of the apartment. It is a competition project [&hellip;]","og_url":"https:\/\/www.moduestudio.pl\/en\/art-line\/","og_site_name":"Moduestudio","article_publisher":"https:\/\/www.facebook.com\/profile.php?id=100069697292332","article_modified_time":"2022-10-23T13:55:36+00:00","og_image":[{"width":1200,"height":630,"url":"https:\/\/www.moduestudio.pl\/wp-content\/uploads\/2022\/11\/odnosnik-www.jpg","type":"image\/jpeg"}],"twitter_card":"summary_large_image","twitter_misc":{"Est. reading time":"3 minutes"},"schema":{"@context":"https:\/\/schema.org","@graph":[{"@type":"WebPage","@id":"https:\/\/www.moduestudio.pl\/en\/art-line\/","url":"https:\/\/www.moduestudio.pl\/en\/art-line\/","name":"Art Line - Moduestudio","isPartOf":{"@id":"https:\/\/www.moduestudio.pl\/#website"},"datePublished":"2022-10-09T14:18:09+00:00","dateModified":"2022-10-23T13:55:36+00:00","breadcrumb":{"@id":"https:\/\/www.moduestudio.pl\/en\/art-line\/#breadcrumb"},"inLanguage":"en-US","potentialAction":[{"@type":"ReadAction","target":["https:\/\/www.moduestudio.pl\/en\/art-line\/"]}]},{"@type":"BreadcrumbList","@id":"https:\/\/www.moduestudio.pl\/en\/art-line\/#breadcrumb","itemListElement":[{"@type":"ListItem","position":1,"name":"Strona g\u0142\u00f3wna","item":"https:\/\/www.moduestudio.pl\/en\/"},{"@type":"ListItem","position":2,"name":"Art Line"}]},{"@type":"WebSite","@id":"https:\/\/www.moduestudio.pl\/#website","url":"https:\/\/www.moduestudio.pl\/","name":"Moduestudio","description":"","publisher":{"@id":"https:\/\/www.moduestudio.pl\/#organization"},"potentialAction":[{"@type":"SearchAction","target":{"@type":"EntryPoint","urlTemplate":"https:\/\/www.moduestudio.pl\/?s={search_term_string}"},"query-input":"required name=search_term_string"}],"inLanguage":"en-US"},{"@type":"Organization","@id":"https:\/\/www.moduestudio.pl\/#organization","name":"Moduestudio","url":"https:\/\/www.moduestudio.pl\/","logo":{"@type":"ImageObject","inLanguage":"en-US","@id":"https:\/\/www.moduestudio.pl\/#\/schema\/logo\/image\/","url":"https:\/\/www.moduestudio.pl\/wp-content\/uploads\/2022\/07\/logo.svg","contentUrl":"https:\/\/www.moduestudio.pl\/wp-content\/uploads\/2022\/07\/logo.svg","width":58,"height":61,"caption":"Moduestudio"},"image":{"@id":"https:\/\/www.moduestudio.pl\/#\/schema\/logo\/image\/"},"sameAs":["https:\/\/www.facebook.com\/profile.php?id=100069697292332","https:\/\/www.instagram.com\/modue.studio\/"]}]}},"_links":{"self":[{"href":"https:\/\/www.moduestudio.pl\/en\/wp-json\/wp\/v2\/pages\/811"}],"collection":[{"href":"https:\/\/www.moduestudio.pl\/en\/wp-json\/wp\/v2\/pages"}],"about":[{"href":"https:\/\/www.moduestudio.pl\/en\/wp-json\/wp\/v2\/types\/page"}],"author":[{"embeddable":true,"href":"https:\/\/www.moduestudio.pl\/en\/wp-json\/wp\/v2\/users\/1"}],"replies":[{"embeddable":true,"href":"https:\/\/www.moduestudio.pl\/en\/wp-json\/wp\/v2\/comments?post=811"}],"version-history":[{"count":5,"href":"https:\/\/www.moduestudio.pl\/en\/wp-json\/wp\/v2\/pages\/811\/revisions"}],"predecessor-version":[{"id":900,"href":"https:\/\/www.moduestudio.pl\/en\/wp-json\/wp\/v2\/pages\/811\/revisions\/900"}],"wp:attachment":[{"href":"https:\/\/www.moduestudio.pl\/en\/wp-json\/wp\/v2\/media?parent=811"}],"curies":[{"name":"wp","href":"https:\/\/api.w.org\/{rel}","templated":true}]}}